{"id":2502,"date":"2022-08-17T15:19:43","date_gmt":"2022-08-17T15:19:43","guid":{"rendered":"http:\/\/anarchy16tattoo.com\/?page_id=2502"},"modified":"2025-09-12T16:03:56","modified_gmt":"2025-09-12T16:03:56","slug":"blog","status":"publish","type":"page","link":"https:\/\/anarchy16tattoo.com\/es\/blog\/","title":{"rendered":"BLOG"},"content":{"rendered":"<div data-elementor-type=\"wp-page\" data-elementor-id=\"2502\" class=\"elementor elementor-2502\">\n\t\t\t\t\t\t<section class=\"elementor-section elementor-top-section elementor-element elementor-element-265b88f3 elementor-section-boxed elementor-section-height-default elementor-section-height-default wpr-particle-no wpr-jarallax-no wpr-parallax-no wpr-sticky-section-no\" data-id=\"265b88f3\" data-element_type=\"section\" data-e-type=\"section\">\n\t\t\t\t\t\t<div class=\"elementor-container elementor-column-gap-default\">\n\t\t\t\t\t<div class=\"elementor-column elementor-col-100 elementor-top-column elementor-element elementor-element-151c2241\" data-id=\"151c2241\" data-element_type=\"column\" data-e-type=\"column\">\n\t\t\t<div class=\"elementor-widget-wrap elementor-element-populated\">\n\t\t\t\t\t\t<div class=\"elementor-element elementor-element-4973a985 elementor-widget elementor-widget-text-editor\" data-id=\"4973a985\" data-element_type=\"widget\" data-e-type=\"widget\" data-widget_type=\"text-editor.default\">\n\t\t\t\t<div class=\"elementor-widget-container\">\n\t\t\t\t\t\t\t\t\t\n<div id=\"wp-block-themeisle-blocks-advanced-columns-861c4cb5\" class=\"wp-block-themeisle-blocks-advanced-columns has-0-columns has-desktop-undefined-layout has-tablet-equal-layout has-mobile-equal-layout has-vertical-unset\"><div class=\"wp-block-themeisle-blocks-advanced-columns-overlay\"><\/div><div class=\"innerblocks-wrap\"><\/div><\/div>\n\t\t\t\t\t\t\t\t<\/div>\n\t\t\t\t<\/div>\n\t\t\t\t\t<\/div>\n\t\t<\/div>\n\t\t\t\t\t<\/div>\n\t\t<\/section>\n\t\t\t\t<section class=\"elementor-section elementor-top-section elementor-element elementor-element-3aecabb elementor-section-full_width elementor-section-height-min-height elementor-section-stretched elementor-section-height-default elementor-section-items-middle wpr-particle-no wpr-jarallax-no wpr-parallax-no wpr-sticky-section-no\" data-id=\"3aecabb\" data-element_type=\"section\" data-e-type=\"section\" data-settings=\"{&quot;stretch_section&quot;:&quot;section-stretched&quot;}\">\n\t\t\t\t\t\t<div class=\"elementor-container elementor-column-gap-default\">\n\t\t\t\t\t<div class=\"elementor-column elementor-col-100 elementor-top-column elementor-element elementor-element-6cd7e03\" data-id=\"6cd7e03\" data-element_type=\"column\" data-e-type=\"column\">\n\t\t\t<div class=\"elementor-widget-wrap\">\n\t\t\t\t\t\t\t<\/div>\n\t\t<\/div>\n\t\t\t\t\t<\/div>\n\t\t<\/section>\n\t\t\t\t<section class=\"elementor-section elementor-top-section elementor-element elementor-element-120a0ba elementor-section-stretched elementor-section-boxed elementor-section-height-default elementor-section-height-default wpr-particle-no wpr-jarallax-no wpr-parallax-no wpr-sticky-section-no\" data-id=\"120a0ba\" data-element_type=\"section\" data-e-type=\"section\" data-settings=\"{&quot;background_background&quot;:&quot;classic&quot;,&quot;stretch_section&quot;:&quot;section-stretched&quot;}\">\n\t\t\t\t\t\t<div class=\"elementor-container elementor-column-gap-default\">\n\t\t\t\t\t<div class=\"elementor-column elementor-col-100 elementor-top-column elementor-element elementor-element-3e856c6\" data-id=\"3e856c6\" data-element_type=\"column\" data-e-type=\"column\">\n\t\t\t<div class=\"elementor-widget-wrap elementor-element-populated\">\n\t\t\t\t\t\t<div class=\"elementor-element elementor-element-aba6370 elementor-widget elementor-widget-heading\" data-id=\"aba6370\" data-element_type=\"widget\" data-e-type=\"widget\" data-widget_type=\"heading.default\">\n\t\t\t\t<div class=\"elementor-widget-container\">\n\t\t\t\t\t<h1 class=\"elementor-heading-title elementor-size-default\">ANARCHY16 BLOG<\/h1>\t\t\t\t<\/div>\n\t\t\t\t<\/div>\n\t\t\t\t<div class=\"elementor-element elementor-element-e71938e elementor-widget-divider--view-line elementor-widget elementor-widget-divider\" data-id=\"e71938e\" data-element_type=\"widget\" data-e-type=\"widget\" data-widget_type=\"divider.default\">\n\t\t\t\t<div class=\"elementor-widget-container\">\n\t\t\t\t\t\t\t<div class=\"elementor-divider\">\n\t\t\t<span class=\"elementor-divider-separator\">\n\t\t\t\t\t\t<\/span>\n\t\t<\/div>\n\t\t\t\t\t\t<\/div>\n\t\t\t\t<\/div>\n\t\t\t\t\t<\/div>\n\t\t<\/div>\n\t\t\t\t\t<\/div>\n\t\t<\/section>\n\t\t\t\t<section class=\"elementor-section elementor-top-section elementor-element elementor-element-b253270 elementor-section-boxed elementor-section-height-default elementor-section-height-default wpr-particle-no wpr-jarallax-no wpr-parallax-no wpr-sticky-section-no\" data-id=\"b253270\" data-element_type=\"section\" data-e-type=\"section\">\n\t\t\t\t\t\t<div class=\"elementor-container elementor-column-gap-default\">\n\t\t\t\t\t<div class=\"elementor-column elementor-col-50 elementor-top-column elementor-element elementor-element-148d0da\" data-id=\"148d0da\" data-element_type=\"column\" data-e-type=\"column\">\n\t\t\t<div class=\"elementor-widget-wrap elementor-element-populated\">\n\t\t\t\t\t\t<div class=\"elementor-element elementor-element-2ef7ba6 elementor-widget elementor-widget-gutenberg-post-blocks\" data-id=\"2ef7ba6\" data-element_type=\"widget\" data-e-type=\"widget\" data-widget_type=\"gutenberg-post-blocks.default\">\n\t\t\t\t<div class=\"elementor-widget-container\">\n\t\t\t\t\t<div class=\"ultp-shortcode\" data-postid=\"2528\"><div  class=\"ultp-post-grid-block wp-block-ultimate-post-post-list-3 ultp-block-e7d656\"><div class=\"ultp-block-wrapper\"><div class=\"ultp-loading\"><div class=\"ultp-loading-blocks\" style=\"width:100%;height:100%;\"><div style=\"left: 0;top: 0;animation-delay:0s;\"><\/div><div style=\"left: 21px;top: 0;animation-delay:0.125s;\"><\/div><div style=\"left: 42px;top: 0;animation-delay:0.25s;\"><\/div><div style=\"left: 0;top: 21px;animation-delay:0.875s;\"><\/div><div style=\"left: 42px;top: 21px;animation-delay:0.375s;\"><\/div><div style=\"left: 0;top: 42px;animation-delay:0.75s;\"><\/div><div style=\"left: 42px;top: 42px;animation-delay:0.625s;\"><\/div><div style=\"left: 21px;top: 42px;animation-delay:0.5s;\"><\/div><\/div><\/div><div class=\"ultp-heading-filter\"><div class=\"ultp-heading-filter-in\"><div class=\"ultp-filter-navigation\"><\/div><\/div><\/div><div class=\"ultp-block-items-wrap ultp-block-row ultp-block-column-1 ultp-block-content-top ultp-layout1\"><div class=\"ultp-block-item ultp-block-media post-id-6201\"><div class=\"ultp-block-content-wrap\"><div class=\"ultp-block-image ultp-block-image-slideRight\"><a href=\"https:\/\/anarchy16tattoo.com\/es\/different-styles\/\" ><img decoding=\"async\"  alt=\"Colored Tattoos vs. Black and Gray Tattoos\"  src=\"https:\/\/anarchy16tattoo.com\/wp-content\/uploads\/2023\/10\/different-styles-300x300.png\" \/><\/a><\/div><div class=\"ultp-block-content\"><h3 class=\"ultp-block-title\"><a href=\"https:\/\/anarchy16tattoo.com\/es\/different-styles\/\" >Tatuajes de Colores vs Tatuajes en Negro y Gris<\/a><\/h3><div class=\"ultp-block-excerpt\"><p>\u00bfColor o Negro y Gris? No es solo una elecci\u00f3n de est\u00e9tica, sino una decisi\u00f3n que puede realzar tu experiencia de tatuaje y el resultado final. Tatuajes de Colores: Los tatuajes de colores son vibrantes y vivos. Son la representaci\u00f3n perfecta del arte en su m\u00e1xima expresi\u00f3n. Pero, \u00bfqu\u00e9 hace a estos tatuajes tan especiales?<\/p>\n<\/div><div class=\"ultp-block-readmore\"><a aria-label=\"Tatuajes de Colores vs Tatuajes en Negro y Gris\" href=\"https:\/\/anarchy16tattoo.com\/es\/different-styles\/\" >Leer m\u00e1s<\/a><\/div><\/div><\/div><\/div><div class=\"ultp-block-item ultp-block-media post-id-6195\"><div class=\"ultp-block-content-wrap\"><div class=\"ultp-block-image ultp-block-image-slideRight\"><a href=\"https:\/\/anarchy16tattoo.com\/es\/zodiac-tattoos\/\" ><img decoding=\"async\"  alt=\"An Art that dresses with your Essence\"  src=\"https:\/\/anarchy16tattoo.com\/wp-content\/uploads\/2023\/10\/zodiac-tattoos-300x300.png\" \/><\/a><\/div><div class=\"ultp-block-content\"><h3 class=\"ultp-block-title\"><a href=\"https:\/\/anarchy16tattoo.com\/es\/zodiac-tattoos\/\" >Un Arte que se Viste con tu Esencia<\/a><\/h3><div class=\"ultp-block-excerpt\"><p>\u00bfTe has detenido a pensar en la relaci\u00f3n \u00edntima entre tu signo zodiacal y el arte que decides plasmar en tu piel? Los tatuajes, al igual que los signos del zodiaco, son una forma de expresi\u00f3n \u00fanica y personal...<\/p>\n<\/div><div class=\"ultp-block-readmore\"><a aria-label=\"Un Arte que se Viste con tu Esencia\" href=\"https:\/\/anarchy16tattoo.com\/es\/zodiac-tattoos\/\" >Leer m\u00e1s<\/a><\/div><\/div><\/div><\/div><div class=\"ultp-block-item ultp-block-media post-id-3900\"><div class=\"ultp-block-content-wrap\"><div class=\"ultp-block-image ultp-block-image-slideRight\"><a href=\"https:\/\/anarchy16tattoo.com\/es\/traditional-tattoos-a-history-of-art-and-culture\/\" ><img decoding=\"async\"  alt=\"Traditional Tattoos: A History of Art and Culture\"  src=\"https:\/\/anarchy16tattoo.com\/wp-content\/uploads\/2023\/05\/traditional-tattoos-a-history-of-art-and-culture_1x1-300x300.jpg\" \/><\/a><\/div><div class=\"ultp-block-content\"><h3 class=\"ultp-block-title\"><a href=\"https:\/\/anarchy16tattoo.com\/es\/traditional-tattoos-a-history-of-art-and-culture\/\" >Tatuajes Tradicionales: Una Historia de Arte y Cultura<\/a><\/h3><div class=\"ultp-block-excerpt\"><p>Los tatuajes tradicionales, tambi\u00e9n conocidos como \"tatuajes old school\", son uno de los estilos de tatuajes m\u00e1s populares y reconocidos en la industria. Con una rica historia que se remonta a principios del siglo XX, estos tatuajes han evolucionado a lo largo de las d\u00e9cadas para convertirse en un s\u00edmbolo de rebeli\u00f3n, identidad y estilo...<\/p>\n<\/div><div class=\"ultp-block-readmore\"><a aria-label=\"Tatuajes Tradicionales: Una Historia de Arte y Cultura\" href=\"https:\/\/anarchy16tattoo.com\/es\/traditional-tattoos-a-history-of-art-and-culture\/\" >Leer m\u00e1s<\/a><\/div><\/div><\/div><\/div><div class=\"ultp-block-item ultp-block-media post-id-3731\"><div class=\"ultp-block-content-wrap\"><div class=\"ultp-block-image ultp-block-image-slideRight\"><a href=\"https:\/\/anarchy16tattoo.com\/es\/the-art-of-cover-ups\/\" ><img decoding=\"async\"  alt=\"The art of cover ups\"  src=\"https:\/\/anarchy16tattoo.com\/wp-content\/uploads\/2023\/04\/the-art-of-cover-ups_1x1-300x300.jpg\" \/><\/a><\/div><div class=\"ultp-block-content\"><h3 class=\"ultp-block-title\"><a href=\"https:\/\/anarchy16tattoo.com\/es\/the-art-of-cover-ups\/\" >El arte de cubrir tatuajes antiguos<\/a><\/h3><div class=\"ultp-block-excerpt\"><p>A menudo, los tatuajes pueden ser una forma de expresi\u00f3n personal que cambia con el tiempo. Ya sea porque el dise\u00f1o ya no refleja qui\u00e9nes somos o porque simplemente nos hemos cansado de verlo todos los d\u00edas, hay muchas razones por las que podemos querer cubrir o renovar un tatuaje antiguo. En este art\u00edculo, exploraremos algunas de las opciones para cubrir un tatuaje antiguo y darle un nuevo aspecto...<\/p>\n<\/div><div class=\"ultp-block-readmore\"><a aria-label=\"El arte de cubrir tatuajes antiguos\" href=\"https:\/\/anarchy16tattoo.com\/es\/the-art-of-cover-ups\/\" >Leer m\u00e1s<\/a><\/div><\/div><\/div><\/div><div class=\"ultp-block-item ultp-block-media post-id-2628\"><div class=\"ultp-block-content-wrap\"><div class=\"ultp-block-image ultp-block-image-slideRight\"><a href=\"https:\/\/anarchy16tattoo.com\/es\/8-small-meaningful-men-tats\/\" ><img decoding=\"async\"  alt=\"8 Small Meaningful Men Tats\"  src=\"https:\/\/anarchy16tattoo.com\/wp-content\/uploads\/2022\/11\/8-small-meaningful-men-tats1x1-300x300.jpg\" \/><\/a><\/div><div class=\"ultp-block-content\"><h3 class=\"ultp-block-title\"><a href=\"https:\/\/anarchy16tattoo.com\/es\/8-small-meaningful-men-tats\/\" >8 Tatuajes Peque\u00f1os para Hombre con Significado<\/a><\/h3><div class=\"ultp-block-excerpt\"><p>8 Small Meaningful Men Tats We show you a series of inspiring ideas for small tattoos for men that will inspire you for their meaning and symbolism. If you were thinking of getting a small tattoo, these designs will surely be interesting for you.<\/p>\n<\/div><div class=\"ultp-block-readmore\"><a aria-label=\"8 Tatuajes Peque\u00f1os para Hombre con Significado\" href=\"https:\/\/anarchy16tattoo.com\/es\/8-small-meaningful-men-tats\/\" >Leer m\u00e1s<\/a><\/div><\/div><\/div><\/div><\/div><div class=\"ultp-pagination-wrap ultp-pagination-ajax-action\" data-paged=\"1\" data-expost=\"\"  data-blockid=\"e7d656\" data-postid=\"2528\" data-pages=\"2\" data-blockname=\"ultimate-post_post-list-3\" data-selfpostid=\"no\"><ul class=\"ultp-pagination\"><li class=\"ultp-prev-page-numbers\" style=\"display:none\"><a href=\"https:\/\/anarchy16tattoo.com\/es\/wp-json\/wp\/v2\/pages\/2502\/\"><svg xmlns=\"http:\/\/www.w3.org\/2000\/svg\" fill=\"none\" viewbox=\"0 0 24 24\">\n  <path stroke=\"currentColor\" stroke-linecap=\"round\" stroke-linejoin=\"round\" stroke-width=\"1.5\" d=\"m15 18-6-6 6-6\"\/>\n<\/svg>\n Previous<\/a><\/li><li class=\"ultp-center-item pagination-active\" data-current=\"1\"><a href=\"https:\/\/anarchy16tattoo.com\/es\/wp-json\/wp\/v2\/pages\/2502\/\">1<\/a><\/li><li class=\"ultp-center-item\" data-current=\"2\" ><a href=\"https:\/\/anarchy16tattoo.com\/es\/wp-json\/wp\/v2\/pages\/2502\/page\/2\/\">2<\/a><\/li><li class=\"ultp-last-dot\" style=\"display:none\"><a href=\"#\">&#8230;<\/a><\/li><li class=\"ultp-next-page-numbers\"><a href=\"https:\/\/anarchy16tattoo.com\/es\/wp-json\/wp\/v2\/pages\/2502\/page\/2\/\">Next<svg xmlns=\"http:\/\/www.w3.org\/2000\/svg\" fill=\"none\" viewbox=\"0 0 24 24\">\n  <path stroke=\"currentColor\" stroke-linecap=\"round\" stroke-linejoin=\"round\" stroke-width=\"1.5\" d=\"m9 18 6-6-6-6\"\/>\n<\/svg>\n<\/a><\/li><\/ul><\/div><\/div><div class=\"pagination-block-html\" aria-hidden=\"true\" style=\"display: none;\"><\/div><\/div><\/div>\t\t\t\t<\/div>\n\t\t\t\t<\/div>\n\t\t\t\t\t<\/div>\n\t\t<\/div>\n\t\t\t\t<div class=\"elementor-column elementor-col-50 elementor-top-column elementor-element elementor-element-4036e3f\" data-id=\"4036e3f\" data-element_type=\"column\" data-e-type=\"column\">\n\t\t\t<div class=\"elementor-widget-wrap elementor-element-populated\">\n\t\t\t\t\t\t<div class=\"elementor-element elementor-element-af309cf elementor-widget elementor-widget-wp-widget-recent-posts\" data-id=\"af309cf\" data-element_type=\"widget\" data-e-type=\"widget\" data-widget_type=\"wp-widget-recent-posts.default\">\n\t\t\t\t<div class=\"elementor-widget-container\">\n\t\t\t\t\t\n\t\t\n\t\t<h5>RECENT POSTS<\/h5>\n\t\t<ul>\n\t\t\t\t\t\t\t\t\t\t\t<li>\n\t\t\t\t\t<a href=\"https:\/\/anarchy16tattoo.com\/es\/different-styles\/\">Tatuajes de Colores vs Tatuajes en Negro y Gris<\/a>\n\t\t\t\t\t\t\t\t\t\t\t<span class=\"post-date\">octubre 27, 2023<\/span>\n\t\t\t\t\t\t\t\t\t<\/li>\n\t\t\t\t\t\t\t\t\t\t\t<li>\n\t\t\t\t\t<a href=\"https:\/\/anarchy16tattoo.com\/es\/zodiac-tattoos\/\">Un Arte que se Viste con tu Esencia<\/a>\n\t\t\t\t\t\t\t\t\t\t\t<span class=\"post-date\">octubre 27, 2023<\/span>\n\t\t\t\t\t\t\t\t\t<\/li>\n\t\t\t\t\t\t\t\t\t\t\t<li>\n\t\t\t\t\t<a href=\"https:\/\/anarchy16tattoo.com\/es\/traditional-tattoos-a-history-of-art-and-culture\/\">Tatuajes Tradicionales: Una Historia de Arte y Cultura<\/a>\n\t\t\t\t\t\t\t\t\t\t\t<span class=\"post-date\">mayo 22, 2023<\/span>\n\t\t\t\t\t\t\t\t\t<\/li>\n\t\t\t\t\t\t\t\t\t\t\t<li>\n\t\t\t\t\t<a href=\"https:\/\/anarchy16tattoo.com\/es\/the-art-of-cover-ups\/\">El arte de cubrir tatuajes antiguos<\/a>\n\t\t\t\t\t\t\t\t\t\t\t<span class=\"post-date\">abril 24, 2023<\/span>\n\t\t\t\t\t\t\t\t\t<\/li>\n\t\t\t\t\t\t\t\t\t\t\t<li>\n\t\t\t\t\t<a href=\"https:\/\/anarchy16tattoo.com\/es\/8-small-meaningful-men-tats\/\">8 Tatuajes Peque\u00f1os para Hombre con Significado<\/a>\n\t\t\t\t\t\t\t\t\t\t\t<span class=\"post-date\">noviembre 1, 2022<\/span>\n\t\t\t\t\t\t\t\t\t<\/li>\n\t\t\t\t\t<\/ul>\n\n\t\t\t\t\t\t<\/div>\n\t\t\t\t<\/div>\n\t\t\t\t\t<\/div>\n\t\t<\/div>\n\t\t\t\t\t<\/div>\n\t\t<\/section>\n\t\t\t\t<section class=\"elementor-section elementor-top-section elementor-element elementor-element-a9f5c2d elementor-section-stretched elementor-section-boxed elementor-section-height-default elementor-section-height-default wpr-particle-no wpr-jarallax-no wpr-parallax-no wpr-sticky-section-no\" data-id=\"a9f5c2d\" data-element_type=\"section\" data-e-type=\"section\" data-settings=\"{&quot;stretch_section&quot;:&quot;section-stretched&quot;,&quot;background_background&quot;:&quot;classic&quot;}\">\n\t\t\t\t\t\t<div class=\"elementor-container elementor-column-gap-default\">\n\t\t\t\t\t<div class=\"elementor-column elementor-col-50 elementor-top-column elementor-element elementor-element-444d89e\" data-id=\"444d89e\" data-element_type=\"column\" data-e-type=\"column\">\n\t\t\t<div class=\"elementor-widget-wrap elementor-element-populated\">\n\t\t\t\t\t\t<div class=\"elementor-element elementor-element-06dc2e7 elementor-widget elementor-widget-heading\" data-id=\"06dc2e7\" data-element_type=\"widget\" data-e-type=\"widget\" data-widget_type=\"heading.default\">\n\t\t\t\t<div class=\"elementor-widget-container\">\n\t\t\t\t\t<h1 class=\"elementor-heading-title elementor-size-default\">Cont\u00e1ctenos<\/h1>\t\t\t\t<\/div>\n\t\t\t\t<\/div>\n\t\t\t\t\t<\/div>\n\t\t<\/div>\n\t\t\t\t<div class=\"elementor-column elementor-col-50 elementor-top-column elementor-element elementor-element-ba0b45b\" data-id=\"ba0b45b\" data-element_type=\"column\" data-e-type=\"column\">\n\t\t\t<div class=\"elementor-widget-wrap elementor-element-populated\">\n\t\t\t\t\t\t<div class=\"elementor-element elementor-element-ed31eee elementor-widget elementor-widget-heading\" data-id=\"ed31eee\" data-element_type=\"widget\" data-e-type=\"widget\" data-widget_type=\"heading.default\">\n\t\t\t\t<div class=\"elementor-widget-container\">\n\t\t\t\t\t<h5 class=\"elementor-heading-title elementor-size-default\">7008 Park Ave, Guttenberg, NJ 07093<\/h5>\t\t\t\t<\/div>\n\t\t\t\t<\/div>\n\t\t\t\t<div class=\"elementor-element elementor-element-15408ff elementor-widget elementor-widget-heading\" data-id=\"15408ff\" data-element_type=\"widget\" data-e-type=\"widget\" data-widget_type=\"heading.default\">\n\t\t\t\t<div class=\"elementor-widget-container\">\n\t\t\t\t\t<h5 class=\"elementor-heading-title elementor-size-default\">support@anarchy16tattoo.com<\/h5>\t\t\t\t<\/div>\n\t\t\t\t<\/div>\n\t\t\t\t<div class=\"elementor-element elementor-element-a3b9622 elementor-widget elementor-widget-heading\" data-id=\"a3b9622\" data-element_type=\"widget\" data-e-type=\"widget\" data-widget_type=\"heading.default\">\n\t\t\t\t<div class=\"elementor-widget-container\">\n\t\t\t\t\t<h5 class=\"elementor-heading-title elementor-size-default\">201-210-4868<\/h5>\t\t\t\t<\/div>\n\t\t\t\t<\/div>\n\t\t\t\t<div class=\"elementor-element elementor-element-dc538d4 e-grid-align-mobile-center elementor-shape-square e-grid-align-left elementor-grid-0 elementor-widget elementor-widget-social-icons\" data-id=\"dc538d4\" data-element_type=\"widget\" data-e-type=\"widget\" data-widget_type=\"social-icons.default\">\n\t\t\t\t<div class=\"elementor-widget-container\">\n\t\t\t\t\t\t\t<div class=\"elementor-social-icons-wrapper elementor-grid\" role=\"list\">\n\t\t\t\t\t\t\t<span class=\"elementor-grid-item\" role=\"listitem\">\n\t\t\t\t\t<a class=\"elementor-icon elementor-social-icon elementor-social-icon-facebook elementor-repeater-item-d7b5549\" href=\"https:\/\/www.facebook.com\/anarchytattoo16\" target=\"_blank\">\n\t\t\t\t\t\t<span class=\"elementor-screen-only\">Facebook<\/span>\n\t\t\t\t\t\t<i aria-hidden=\"true\" class=\"fab fa-facebook\"><\/i>\t\t\t\t\t<\/a>\n\t\t\t\t<\/span>\n\t\t\t\t\t\t\t<span class=\"elementor-grid-item\" role=\"listitem\">\n\t\t\t\t\t<a class=\"elementor-icon elementor-social-icon elementor-social-icon-instagram elementor-repeater-item-a09e599\" href=\"https:\/\/www.instagram.com\/anarchy16tattoo\/\" target=\"_blank\">\n\t\t\t\t\t\t<span class=\"elementor-screen-only\">Instagram<\/span>\n\t\t\t\t\t\t<i aria-hidden=\"true\" class=\"fab fa-instagram\"><\/i>\t\t\t\t\t<\/a>\n\t\t\t\t<\/span>\n\t\t\t\t\t<\/div>\n\t\t\t\t\t\t<\/div>\n\t\t\t\t<\/div>\n\t\t\t\t\t<\/div>\n\t\t<\/div>\n\t\t\t\t\t<\/div>\n\t\t<\/section>\n\t\t\t\t<section class=\"elementor-section elementor-top-section elementor-element elementor-element-97f4794 elementor-section-boxed elementor-section-height-default elementor-section-height-default wpr-particle-no wpr-jarallax-no wpr-parallax-no wpr-sticky-section-no\" data-id=\"97f4794\" data-element_type=\"section\" data-e-type=\"section\" data-settings=\"{&quot;background_background&quot;:&quot;classic&quot;}\">\n\t\t\t\t\t\t<div class=\"elementor-container elementor-column-gap-default\">\n\t\t\t\t\t<div class=\"elementor-column elementor-col-100 elementor-top-column elementor-element elementor-element-b49356a\" data-id=\"b49356a\" data-element_type=\"column\" data-e-type=\"column\">\n\t\t\t<div class=\"elementor-widget-wrap elementor-element-populated\">\n\t\t\t\t\t\t<div class=\"elementor-element elementor-element-8971791 elementor-widget elementor-widget-heading\" data-id=\"8971791\" data-element_type=\"widget\" data-e-type=\"widget\" data-widget_type=\"heading.default\">\n\t\t\t\t<div class=\"elementor-widget-container\">\n\t\t\t\t\t<h5 class=\"elementor-heading-title elementor-size-default\"><a href=\"https:\/\/mkb360.com\/\" target=\"_blank\">website developed by mkbalance<\/a><\/h5>\t\t\t\t<\/div>\n\t\t\t\t<\/div>\n\t\t\t\t\t<\/div>\n\t\t<\/div>\n\t\t\t\t\t<\/div>\n\t\t<\/section>\n\t\t\t\t<\/div>","protected":false},"excerpt":{"rendered":"<p>ANARCHY16 BLOG Colored Tattoos vs. Black and Gray Tattoos Colored Tattoos vs. Black and Gray Tattoos Color or Black and Gray? It&#8217;s not just a choice of aesthetics, but a decision that can enhance your tattoo experience and the end result. Colored Tattoos Color tattoos are vibrant and vivid. They are the perfect representation of art at its finest.&hellip; Read More An Art that dresses with your Essence An Art that dresses with your Essence Have you ever stopped to think about the intimate relationship between your zodiac sign and the art you choose to put on your skin? Tattoos, like zodiac signs, are a unique and personal form of expression. The concept of wearing a symbol on&hellip; Read More Traditional Tattoos: A History of Art and Culture Traditional Tattoos: A History of Art and Culture Traditional tattoos, also known as &#8220;old school tattoos,&#8221; are one of the most popular and recognized tattoo styles in the industry. With a rich history dating back to the early 20th century, these tattoos have evolved over the decades to become a&hellip; Read More The art of cover ups The art of cover ups Tattoos can often be a form of personal expression that changes over time. Whether it&#8217;s because the design no longer reflects who we are or because we&#8217;ve simply grown tired of seeing it every day, there are many reasons why we may want to cover&hellip; Read More 8 Small Meaningful Men Tats 8 Small Meaningful Men Tats We show you a series of inspiring ideas for small tattoos for men that will inspire you for their meaning and symbolism. If you were thinking of getting a small tattoo, these designs will surely be interesting for you. Read More Previous 1 2 &#8230; Next Contact us 7008 Park Ave, Guttenberg, NJ 07093 support@anarchy16tattoo.com 201-210-4868 Facebook Instagram website developed by mkbalance<\/p>","protected":false},"author":1,"featured_media":0,"parent":0,"menu_order":0,"comment_status":"closed","ping_status":"closed","template":"","meta":{"_eb_attr":"","om_disable_all_campaigns":false,"_monsterinsights_skip_tracking":false,"_monsterinsights_sitenote_active":false,"_monsterinsights_sitenote_note":"","_monsterinsights_sitenote_category":0,"_s2mail":"yes","neve_meta_sidebar":"","neve_meta_container":"","neve_meta_enable_content_width":"","neve_meta_content_width":0,"neve_meta_title_alignment":"","neve_meta_author_avatar":"","neve_post_elements_order":"","neve_meta_disable_header":"","neve_meta_disable_footer":"","neve_meta_disable_title":"","_themeisle_gutenberg_block_has_review":false,"_joinchat":[],"footnotes":""},"class_list":["post-2502","page","type-page","status-publish","hentry"],"aioseo_notices":[],"_links":{"self":[{"href":"https:\/\/anarchy16tattoo.com\/es\/wp-json\/wp\/v2\/pages\/2502","targetHints":{"allow":["GET"]}}],"collection":[{"href":"https:\/\/anarchy16tattoo.com\/es\/wp-json\/wp\/v2\/pages"}],"about":[{"href":"https:\/\/anarchy16tattoo.com\/es\/wp-json\/wp\/v2\/types\/page"}],"author":[{"embeddable":true,"href":"https:\/\/anarchy16tattoo.com\/es\/wp-json\/wp\/v2\/users\/1"}],"replies":[{"embeddable":true,"href":"https:\/\/anarchy16tattoo.com\/es\/wp-json\/wp\/v2\/comments?post=2502"}],"version-history":[{"count":33,"href":"https:\/\/anarchy16tattoo.com\/es\/wp-json\/wp\/v2\/pages\/2502\/revisions"}],"predecessor-version":[{"id":13580,"href":"https:\/\/anarchy16tattoo.com\/es\/wp-json\/wp\/v2\/pages\/2502\/revisions\/13580"}],"wp:attachment":[{"href":"https:\/\/anarchy16tattoo.com\/es\/wp-json\/wp\/v2\/media?parent=2502"}],"curies":[{"name":"wp","href":"https:\/\/api.w.org\/{rel}","templated":true}]}}